{"id":13200,"date":"2021-12-30T15:28:34","date_gmt":"2021-12-30T14:28:34","guid":{"rendered":"https:\/\/www.lynkeus.berlin\/?page_id=13200"},"modified":"2023-09-07T13:25:21","modified_gmt":"2023-09-07T11:25:21","slug":"politique-en-matiere-de-cookies","status":"publish","type":"page","link":"https:\/\/www.lynkeus.berlin\/fr\/politique-en-matiere-de-cookies\/","title":{"rendered":"Politique en mati\u00e8re de cookies"},"content":{"rendered":"<div class=\"wpb-content-wrapper\"><p>[vc_section el_name=\u00a0\u00bbContact\u00a0\u00bb][vc_row delay=\u00a0\u00bbtrue\u00a0\u00bb effect=\u00a0\u00bbfadeIn\u00a0\u00bb el_name=\u00a0\u00bbRow has animation\u00a0\u00bb][vc_column background_position=\u00a0\u00bbleft top\u00a0\u00bb hide_bg_mobile=\u00a0\u00bbtrue\u00a0\u00bb css=\u00a0\u00bb.vc_custom_1616768231806{background-image: url(https:\/\/www.lynkeus.berlin\/wp-content\/uploads\/2021\/03\/ut-dots-dark.svg?id=9686) !important;background-position: 0 0 !important;background-repeat: no-repeat !important;}\u00a0\u00bb el_class=\u00a0\u00bbwebsite-49-custom-box\u00a0\u00bb offset=\u00a0\u00bbvc_col-lg-offset-2 vc_col-lg-8 vc_col-md-offset-1 vc_col-md-10 vc_col-sm-offset-1 vc_col-sm-10&Prime;]<style type=\"text\/css\">#ut_custom_heading69e49e316749a { font-size:20px !important;line-height:28px !important; }#ut_custom_heading69e49e316749a { text-align:left; }@media (min-width: 768px) and (max-width: 1024px) { #ut_custom_heading69e49e316749a { text-align:left; } }@media (max-width: 767px) { #ut_custom_heading69e49e316749a { text-align:center; } }<\/style><h4 id=\"ut_custom_heading69e49e316749a\" data-responsive-font=\"h4\" data-responsive-font-settings=\"{&quot;base-font-size&quot;:&quot;20&quot;,&quot;font-size-unit&quot;:&quot;px&quot;,&quot;font-size&quot;:{&quot;desktop_large&quot;:&quot;20&quot;},&quot;base-line-height&quot;:&quot;global&quot;,&quot;line-height&quot;:{&quot;desktop_large&quot;:&quot;28&quot;},&quot;base-letter-spacing&quot;:&quot;global&quot;}\" class=\"ut-custom-heading-module  \" ><span class=\"\" > <\/span><\/h4><div class=\"wpb_content_element  vc_custom_1640873931336\"><style type=\"text\/css\">#ut_header_69e49e3170fda h1.section-title { font-size:90px !important;line-height:100px !important;letter-spacing:-0.03em; }<\/style><header id=\"ut_header_69e49e3170fda\" class=\"section-header  ut-no-title-linebreak-mobile ut-no-lead-linebreak-mobile pt-style-7 header-left header-tablet-left header-mobile-center element-with-custom-line-height\"><div class=\"element-with-custom-line-height\" ><h1 data-title=\"Directive sur les cookies (UE)\"  data-responsive-font=\"section_title\" data-responsive-font-settings=\"{&quot;base-font-size&quot;:&quot;90&quot;,&quot;font-size-unit&quot;:&quot;px&quot;,&quot;font-size&quot;:{&quot;desktop_large&quot;:&quot;90&quot;},&quot;base-line-height&quot;:&quot;100&quot;,&quot;line-height-unit&quot;:&quot;px&quot;,&quot;line-height&quot;:{&quot;desktop_large&quot;:&quot;100&quot;},&quot;base-letter-spacing&quot;:&quot;global&quot;,&quot;letter-spacing&quot;:{&quot;desktop_large&quot;:&quot;-0.03&quot;}}\" class=\"section-title  \"><span>Directive sur les cookies (UE)<\/span><\/h1><\/div><div data-delay=\"0\" class=\"lead \"><\/div><\/header><\/div>[vc_column_text]<em>Cette politique en mati\u00e8re de cookies a \u00e9t\u00e9 mise \u00e0 jour pour la derni\u00e8re fois le 18 janvier 2023 et s&rsquo;applique aux citoyens et aux r\u00e9sidents permanents l\u00e9gaux de l&rsquo;Espace \u00e9conomique europ\u00e9en.<\/em><\/p>\n<p>&nbsp;<\/p>\n<h2><strong>1\u00e8re introduction<\/strong><\/h2>\n<p>Notre site web, <a href=\"https:\/\/www.lynkeus.berlin\/fr\/\">https:\/\/www.lynkeus.berlin<\/a> (ci-apr\u00e8s : \u00ab\u00a0le site web\u00a0\u00bb) utilise des cookies et des technologies similaires (pour des raisons de simplicit\u00e9, tous ces \u00e9l\u00e9ments sont regroup\u00e9s sous le terme de \u00ab\u00a0cookies\u00a0\u00bb). Des cookies sont \u00e9galement plac\u00e9s par des tiers que nous avons mandat\u00e9s. Dans le document ci-dessous, nous vous informons sur l&rsquo;utilisation des cookies sur notre site web.<\/p>\n<h2><strong>2. Que sont les cookies ?<\/strong><\/h2>\n<p>Un cookie est un simple petit fichier qui est envoy\u00e9 en m\u00eame temps que les pages d&rsquo;une adresse Internet et qui peut \u00eatre enregistr\u00e9 par le navigateur web sur l&rsquo;ordinateur ou un autre appareil. Les informations qui y sont stock\u00e9es peuvent \u00eatre envoy\u00e9es \u00e0 nos serveurs ou aux serveurs des fournisseurs tiers concern\u00e9s lors des visites suivantes.<\/p>\n<h2><strong>3. Que sont les scripts ?<\/strong><\/h2>\n<p>Un script est un morceau de code de programme utilis\u00e9 pour permettre \u00e0 notre site web de fonctionner et d&rsquo;\u00eatre interactif. Ce code est ex\u00e9cut\u00e9 sur nos serveurs ou sur votre appareil.<\/p>\n<h2><strong>4. Qu&rsquo;est-ce qu&rsquo;un pixel invisible \/ balise web ?<\/strong><\/h2>\n<p>Une balise web (\u00e9galement appel\u00e9e pixel tag), est un petit fragment de texte ou d&rsquo;image invisible sur un site web qui est utilis\u00e9 pour surveiller le trafic sur le site. Pour ce faire, diverses donn\u00e9es vous concernant sont enregistr\u00e9es au moyen de balises web.<\/p>\n<h2><strong>5. Les cookies<\/strong><\/h2>\n<p>5.1 Cookies techniques ou fonctionnels<\/p>\n<p>Certains cookies garantissent le bon fonctionnement de certaines parties de notre site et permettent de conna\u00eetre tes pr\u00e9f\u00e9rences d&rsquo;utilisateur. En pla\u00e7ant des cookies fonctionnels, nous vous facilitons la visite de notre site. De cette mani\u00e8re, vous n&rsquo;aurez pas \u00e0 saisir les m\u00eames informations \u00e0 plusieurs reprises lors de vos visites sur notre site. Nous pouvons placer ces cookies sans votre consentement.<\/p>\n<p>5.2 Cookies de marketing \/ de suivi<\/p>\n<p>Les cookies de marketing \/ de suivi sont des cookies ou une autre forme de stockage local utilis\u00e9s pour cr\u00e9er des profils d&rsquo;utilisateur afin d&rsquo;afficher des publicit\u00e9s ou de suivre l&rsquo;utilisateur sur ce site web ou sur plusieurs sites web \u00e0 des fins de marketing similaires.<\/p>\n<h2><strong>6. Cookies plac\u00e9s<\/strong><\/h2>\n<p><strong>Google Maps<\/strong><\/p>\n<p>Utilisation : Nous utilisons Google Maps pour l&rsquo;affichage des cartes. <a href=\"https:\/\/cookiedatabase.org\/service\/google-maps\">Lire la suite. <\/a>Partage des donn\u00e9es : Pour plus d&rsquo;informations, veuillez lire la <a href=\"https:\/\/policies.google.com\/privacy\">politique de confidentialit\u00e9 de Google Maps<\/a>.<\/p>\n<p><strong>Vimeo<\/strong><\/p>\n<p>Utilisation : nous utilisons Vimeo pour le partage de vid\u00e9os. <a href=\"https:\/\/vimeo.com\/cookie_policy\">Lire la suite.<\/a> Partage des donn\u00e9es : Pour plus d&rsquo;informations, veuillez lire la <a href=\"https:\/\/vimeo.com\/privacy\">d\u00e9claration de confidentialit\u00e9 de Vimeo Vimeo<\/a>.<\/p>\n<p><strong>Youtube<\/strong><\/p>\n<p>Utilisation : nous utilisons Youtube pour le partage de vid\u00e9os. <a href=\"https:\/\/www.youtube.com\/intl\/ALL_de\/howyoutubeworks\/user-settings\/privacy\/#your-data-in-youtube\">en savoir plus<\/a>. Partage des donn\u00e9es : Pour plus d&rsquo;informations, veuillez lire la <a href=\"https:\/\/www.youtube.com\/intl\/ALL_de\/howyoutubeworks\/user-settings\/privacy\/\">d\u00e9claration de confidentialit\u00e9 de Youtube<\/a>.<\/p>\n<p><strong>Spotify<\/strong><\/p>\n<p>Utilisation : nous utilisons Spotify pour le streaming audio. <a href=\"https:\/\/www.spotify.com\/de\/legal\/cookies-policy\/\">Lire plus<\/a>. Partage des donn\u00e9es : Pour plus d&rsquo;informations, veuillez consulter la <a href=\"https:\/\/www.spotify.com\/de\/privacy\">D\u00e9claration de confidentialit\u00e9 de Spotify<\/a>.<\/p>\n<h2><strong>7. Consentement<\/strong><\/h2>\n<p>Lorsque vous visitez notre site pour la premi\u00e8re fois, nous vous pr\u00e9sentons une fen\u00eatre contextuelle contenant une explication sur les cookies. D\u00e8s que vous cliquez sur \u00ab\u00a0Enregistrer les param\u00e8tres\u00a0\u00bb, vous nous donnez votre accord pour utiliser toutes les cat\u00e9gories de cookies et de plug-ins que vous avez choisies, comme d\u00e9crit dans la pr\u00e9sente d\u00e9claration relative aux cookies. Vous pouvez d\u00e9sactiver l&rsquo;utilisation de cookies via votre navigateur, mais sachez que notre site web risque alors de ne pas fonctionner correctement.<\/p>\n<h2><strong>8. Vos droits en mati\u00e8re de donn\u00e9es personnelles<\/strong><\/h2>\n<p>Vous disposez des droits suivants en ce qui concerne vos donn\u00e9es personnelles :<\/p>\n<ul>\n<li>Vous avez le droit de savoir pourquoi vos donn\u00e9es personnelles sont utilis\u00e9es, ce qu&rsquo;il en est fait et combien de temps elles sont conserv\u00e9es.<\/li>\n<li>Droit d&rsquo;acc\u00e8s : vous avez le droit de consulter les donn\u00e9es personnelles dont nous avons connaissance.<\/li>\n<li>Droit de rectification : vous avez le droit, quand vous le souhaitez, de compl\u00e9ter, de corriger, de supprimer ou de bloquer vos donn\u00e9es personnelles.<\/li>\n<li>Si vous nous avez donn\u00e9 votre accord pour le traitement de vos donn\u00e9es, vous avez le droit de retirer cet accord et de faire supprimer vos donn\u00e9es personnelles.<\/li>\n<li>Droit au transfert de vos donn\u00e9es : vous avez le droit de demander toutes vos donn\u00e9es personnelles \u00e0 un contr\u00f4leur et de les transf\u00e9rer dans leur int\u00e9gralit\u00e9 \u00e0 un autre contr\u00f4leur.<\/li>\n<li>Droit d&rsquo;opposition : vous pouvez vous opposer au traitement de vos donn\u00e9es. Nous nous y conformons, \u00e0 moins qu&rsquo;il n&rsquo;existe des motifs l\u00e9gitimes pour le traitement.<\/li>\n<\/ul>\n<p>&nbsp;<\/p>\n<p>Pour exercer ces droits, veuillez nous contacter. Veuillez vous r\u00e9f\u00e9rer aux coordonn\u00e9es figurant \u00e0 la fin de la pr\u00e9sente d\u00e9claration relative aux cookies. Si vous avez une plainte concernant la mani\u00e8re dont nous traitons vos donn\u00e9es, nous aimerions l&rsquo;entendre, mais vous avez \u00e9galement le droit de l&rsquo;adresser \u00e0 l&rsquo;autorit\u00e9 de contr\u00f4le (l&rsquo;autorit\u00e9 de protection des donn\u00e9es).<\/p>\n<h2><strong>9. Activation\/d\u00e9sactivation et suppression des cookies<\/strong><\/h2>\n<p>Vous pouvez utiliser votre navigateur Internet pour supprimer automatiquement ou manuellement les cookies. Vous pouvez \u00e9galement sp\u00e9cifier si des cookies sp\u00e9cifiques ne doivent pas \u00eatre plac\u00e9s. Une autre possibilit\u00e9 consiste \u00e0 configurer votre navigateur Internet de mani\u00e8re \u00e0 ce qu&rsquo;il vous avertisse \u00e0 chaque fois qu&rsquo;un cookie est plac\u00e9. Pour plus d&rsquo;informations sur ces possibilit\u00e9s, consultez les instructions dans la section d&rsquo;aide de votre navigateur.<\/p>\n<p>Veuillez noter que notre site web peut ne pas fonctionner correctement si tous les cookies sont d\u00e9sactiv\u00e9s. Si vous supprimez les cookies de votre navigateur, ils seront \u00e0 nouveau plac\u00e9s lorsque vous reviendrez sur notre site.<\/p>\n<p>&nbsp;<\/p>\n<h2><strong>10. Coordonn\u00e9es<\/strong><\/h2>\n<p>Pour toute question et\/ou commentaire sur notre politique en mati\u00e8re de cookies et sur cette d\u00e9claration, veuillez nous contacter au moyen des coordonn\u00e9es suivantes :<\/p>\n<p>Dr. Therese Th\u00fcrmer<br \/>\nKarlsruher Str. 23, 10711 Berlin<br \/>\nAllemagne<br \/>\nSite web <a style=\"font-style: inherit;\" href=\"https:\/\/www.lynkeus.berlin\/fr\/\">: https:\/\/www.lynkeus.berlin<\/a><br \/>\nE-mail : <a style=\"font-style: inherit;\" href=\"mailto:thuermer@lynkeus.berlin\">thuermer@lynkeus.berlin<\/a><br \/>\nNum\u00e9ro de t\u00e9l\u00e9phone : +49 (0)30 166 389 811<\/p>\n<p>&nbsp;<\/p>\n<p>Cette politique de cookies a \u00e9t\u00e9 synchronis\u00e9e avec <a style=\"font-style: inherit;\" href=\"https:\/\/cookiedatabase.org\/\">cookiedatabase.org<\/a> le 14 d\u00e9cembre 2021.[\/vc_column_text][\/vc_column][\/vc_row][\/vc_section]<\/p>\n<\/div>","protected":false},"excerpt":{"rendered":"<p>[vc_section el_name=\u00a0\u00bbContact\u00a0\u00bb][vc_row delay=\u00a0\u00bbtrue\u00a0\u00bb effect=\u00a0\u00bbfadeIn\u00a0\u00bb el_name=\u00a0\u00bbRow has animation\u00a0\u00bb][vc_column background_position=\u00a0\u00bbleft top\u00a0\u00bb hide_bg_mobile=\u00a0\u00bbtrue\u00a0\u00bb css=\u00a0\u00bb.vc_custom_1616768231806{background-image: url(https:\/\/www.lynkeus.berlin\/wp-content\/uploads\/2021\/03\/ut-dots-dark.svg?id=9686) !important;background-position: 0 0 !important;background-repeat: no-repeat !important;}\u00a0\u00bb el_class=\u00a0\u00bbwebsite-49-custom-box\u00a0\u00bb offset=\u00a0\u00bbvc_col-lg-offset-2 vc_col-lg-8 vc_col-md-offset-1 vc_col-md-10 vc_col-sm-offset-1 vc_col-sm-10&Prime;][vc_column_text]Cette politique en mati\u00e8re de cookies a \u00e9t\u00e9 mise \u00e0 jour pour la derni\u00e8re fois le 18 janvier 2023 et s&rsquo;applique aux citoyens et aux r\u00e9sidents permanents l\u00e9gaux de l&rsquo;Espace \u00e9conomique [&hellip;]<\/p>\n","protected":false},"author":1,"featured_media":0,"parent":0,"menu_order":0,"comment_status":"closed","ping_status":"closed","template":"","meta":{"footnotes":""},"class_list":["post-13200","page","type-page","status-publish","hentry"],"yoast_head":"<!-- This site is optimized with the Yoast SEO plugin v27.4 - https:\/\/yoast.com\/product\/yoast-seo-wordpress\/ -->\n<title>Politique en mati\u00e8re de cookies - Lynkeus Berlin<\/title>\n<meta name=\"robots\" content=\"index, follow, max-snippet:-1, max-image-preview:large, max-video-preview:-1\" \/>\n<link rel=\"canonical\" href=\"https:\/\/www.lynkeus.berlin\/fr\/politique-en-matiere-de-cookies\/\" \/>\n<meta property=\"og:locale\" content=\"fr_FR\" \/>\n<meta property=\"og:type\" content=\"article\" \/>\n<meta property=\"og:title\" content=\"Politique en mati\u00e8re de cookies - Lynkeus Berlin\" \/>\n<meta property=\"og:description\" content=\"[vc_section el_name=\u00a0\u00bbContact\u00a0\u00bb][vc_row delay=\u00a0\u00bbtrue\u00a0\u00bb effect=\u00a0\u00bbfadeIn\u00a0\u00bb el_name=\u00a0\u00bbRow has animation\u00a0\u00bb][vc_column background_position=\u00a0\u00bbleft top\u00a0\u00bb hide_bg_mobile=\u00a0\u00bbtrue\u00a0\u00bb css=\u00a0\u00bb.vc_custom_1616768231806{background-image: url(https:\/\/www.lynkeus.berlin\/wp-content\/uploads\/2021\/03\/ut-dots-dark.svg?id=9686) !important;background-position: 0 0 !important;background-repeat: no-repeat !important;}\u00a0\u00bb el_class=\u00a0\u00bbwebsite-49-custom-box\u00a0\u00bb offset=\u00a0\u00bbvc_col-lg-offset-2 vc_col-lg-8 vc_col-md-offset-1 vc_col-md-10 vc_col-sm-offset-1 vc_col-sm-10&Prime;][vc_column_text]Cette politique en mati\u00e8re de cookies a \u00e9t\u00e9 mise \u00e0 jour pour la derni\u00e8re fois le 18 janvier 2023 et s&rsquo;applique aux citoyens et aux r\u00e9sidents permanents l\u00e9gaux de l&rsquo;Espace \u00e9conomique [&hellip;]\" \/>\n<meta property=\"og:url\" content=\"https:\/\/www.lynkeus.berlin\/fr\/politique-en-matiere-de-cookies\/\" \/>\n<meta property=\"og:site_name\" content=\"Lynkeus Berlin\" \/>\n<meta property=\"article:modified_time\" content=\"2023-09-07T11:25:21+00:00\" \/>\n<meta name=\"twitter:card\" content=\"summary_large_image\" \/>\n<meta name=\"twitter:label1\" content=\"Dur\u00e9e de lecture estim\u00e9e\" \/>\n\t<meta name=\"twitter:data1\" content=\"6 minutes\" \/>\n<script type=\"application\/ld+json\" class=\"yoast-schema-graph\">{\"@context\":\"https:\\\/\\\/schema.org\",\"@graph\":[{\"@type\":\"WebPage\",\"@id\":\"https:\\\/\\\/www.lynkeus.berlin\\\/fr\\\/politique-en-matiere-de-cookies\\\/\",\"url\":\"https:\\\/\\\/www.lynkeus.berlin\\\/fr\\\/politique-en-matiere-de-cookies\\\/\",\"name\":\"Politique en mati\u00e8re de cookies - Lynkeus Berlin\",\"isPartOf\":{\"@id\":\"https:\\\/\\\/www.lynkeus.berlin\\\/#website\"},\"datePublished\":\"2021-12-30T14:28:34+00:00\",\"dateModified\":\"2023-09-07T11:25:21+00:00\",\"breadcrumb\":{\"@id\":\"https:\\\/\\\/www.lynkeus.berlin\\\/fr\\\/politique-en-matiere-de-cookies\\\/#breadcrumb\"},\"inLanguage\":\"fr-FR\",\"potentialAction\":[{\"@type\":\"ReadAction\",\"target\":[\"https:\\\/\\\/www.lynkeus.berlin\\\/fr\\\/politique-en-matiere-de-cookies\\\/\"]}]},{\"@type\":\"BreadcrumbList\",\"@id\":\"https:\\\/\\\/www.lynkeus.berlin\\\/fr\\\/politique-en-matiere-de-cookies\\\/#breadcrumb\",\"itemListElement\":[{\"@type\":\"ListItem\",\"position\":1,\"name\":\"Startseite\",\"item\":\"https:\\\/\\\/www.lynkeus.berlin\\\/\"},{\"@type\":\"ListItem\",\"position\":2,\"name\":\"Politique en mati\u00e8re de cookies\"}]},{\"@type\":\"WebSite\",\"@id\":\"https:\\\/\\\/www.lynkeus.berlin\\\/#website\",\"url\":\"https:\\\/\\\/www.lynkeus.berlin\\\/\",\"name\":\"Lynkeus Berlin\",\"description\":\"Organisationsentwicklung - Change Management - F\u00fchrungskr\u00e4fteentwicklung\",\"publisher\":{\"@id\":\"https:\\\/\\\/www.lynkeus.berlin\\\/#organization\"},\"potentialAction\":[{\"@type\":\"SearchAction\",\"target\":{\"@type\":\"EntryPoint\",\"urlTemplate\":\"https:\\\/\\\/www.lynkeus.berlin\\\/?s={search_term_string}\"},\"query-input\":{\"@type\":\"PropertyValueSpecification\",\"valueRequired\":true,\"valueName\":\"search_term_string\"}}],\"inLanguage\":\"fr-FR\"},{\"@type\":\"Organization\",\"@id\":\"https:\\\/\\\/www.lynkeus.berlin\\\/#organization\",\"name\":\"Lynkeus Berlin\",\"url\":\"https:\\\/\\\/www.lynkeus.berlin\\\/\",\"logo\":{\"@type\":\"ImageObject\",\"inLanguage\":\"fr-FR\",\"@id\":\"https:\\\/\\\/www.lynkeus.berlin\\\/#\\\/schema\\\/logo\\\/image\\\/\",\"url\":\"https:\\\/\\\/www.lynkeus.berlin\\\/wp-content\\\/uploads\\\/2021\\\/04\\\/Lynkeus_Logo-Entwurf-60_45-RGBreal-LOGOv2_300dpi.jpg\",\"contentUrl\":\"https:\\\/\\\/www.lynkeus.berlin\\\/wp-content\\\/uploads\\\/2021\\\/04\\\/Lynkeus_Logo-Entwurf-60_45-RGBreal-LOGOv2_300dpi.jpg\",\"width\":1899,\"height\":627,\"caption\":\"Lynkeus Berlin\"},\"image\":{\"@id\":\"https:\\\/\\\/www.lynkeus.berlin\\\/#\\\/schema\\\/logo\\\/image\\\/\"}}]}<\/script>\n<!-- \/ Yoast SEO plugin. -->","yoast_head_json":{"title":"Politique en mati\u00e8re de cookies - Lynkeus Berlin","robots":{"index":"index","follow":"follow","max-snippet":"max-snippet:-1","max-image-preview":"max-image-preview:large","max-video-preview":"max-video-preview:-1"},"canonical":"https:\/\/www.lynkeus.berlin\/fr\/politique-en-matiere-de-cookies\/","og_locale":"fr_FR","og_type":"article","og_title":"Politique en mati\u00e8re de cookies - Lynkeus Berlin","og_description":"[vc_section el_name=\u00a0\u00bbContact\u00a0\u00bb][vc_row delay=\u00a0\u00bbtrue\u00a0\u00bb effect=\u00a0\u00bbfadeIn\u00a0\u00bb el_name=\u00a0\u00bbRow has animation\u00a0\u00bb][vc_column background_position=\u00a0\u00bbleft top\u00a0\u00bb hide_bg_mobile=\u00a0\u00bbtrue\u00a0\u00bb css=\u00a0\u00bb.vc_custom_1616768231806{background-image: url(https:\/\/www.lynkeus.berlin\/wp-content\/uploads\/2021\/03\/ut-dots-dark.svg?id=9686) !important;background-position: 0 0 !important;background-repeat: no-repeat !important;}\u00a0\u00bb el_class=\u00a0\u00bbwebsite-49-custom-box\u00a0\u00bb offset=\u00a0\u00bbvc_col-lg-offset-2 vc_col-lg-8 vc_col-md-offset-1 vc_col-md-10 vc_col-sm-offset-1 vc_col-sm-10&Prime;][vc_column_text]Cette politique en mati\u00e8re de cookies a \u00e9t\u00e9 mise \u00e0 jour pour la derni\u00e8re fois le 18 janvier 2023 et s&rsquo;applique aux citoyens et aux r\u00e9sidents permanents l\u00e9gaux de l&rsquo;Espace \u00e9conomique [&hellip;]","og_url":"https:\/\/www.lynkeus.berlin\/fr\/politique-en-matiere-de-cookies\/","og_site_name":"Lynkeus Berlin","article_modified_time":"2023-09-07T11:25:21+00:00","twitter_card":"summary_large_image","twitter_misc":{"Dur\u00e9e de lecture estim\u00e9e":"6 minutes"},"schema":{"@context":"https:\/\/schema.org","@graph":[{"@type":"WebPage","@id":"https:\/\/www.lynkeus.berlin\/fr\/politique-en-matiere-de-cookies\/","url":"https:\/\/www.lynkeus.berlin\/fr\/politique-en-matiere-de-cookies\/","name":"Politique en mati\u00e8re de cookies - Lynkeus Berlin","isPartOf":{"@id":"https:\/\/www.lynkeus.berlin\/#website"},"datePublished":"2021-12-30T14:28:34+00:00","dateModified":"2023-09-07T11:25:21+00:00","breadcrumb":{"@id":"https:\/\/www.lynkeus.berlin\/fr\/politique-en-matiere-de-cookies\/#breadcrumb"},"inLanguage":"fr-FR","potentialAction":[{"@type":"ReadAction","target":["https:\/\/www.lynkeus.berlin\/fr\/politique-en-matiere-de-cookies\/"]}]},{"@type":"BreadcrumbList","@id":"https:\/\/www.lynkeus.berlin\/fr\/politique-en-matiere-de-cookies\/#breadcrumb","itemListElement":[{"@type":"ListItem","position":1,"name":"Startseite","item":"https:\/\/www.lynkeus.berlin\/"},{"@type":"ListItem","position":2,"name":"Politique en mati\u00e8re de cookies"}]},{"@type":"WebSite","@id":"https:\/\/www.lynkeus.berlin\/#website","url":"https:\/\/www.lynkeus.berlin\/","name":"Lynkeus Berlin","description":"Organisationsentwicklung - Change Management - F\u00fchrungskr\u00e4fteentwicklung","publisher":{"@id":"https:\/\/www.lynkeus.berlin\/#organization"},"potentialAction":[{"@type":"SearchAction","target":{"@type":"EntryPoint","urlTemplate":"https:\/\/www.lynkeus.berlin\/?s={search_term_string}"},"query-input":{"@type":"PropertyValueSpecification","valueRequired":true,"valueName":"search_term_string"}}],"inLanguage":"fr-FR"},{"@type":"Organization","@id":"https:\/\/www.lynkeus.berlin\/#organization","name":"Lynkeus Berlin","url":"https:\/\/www.lynkeus.berlin\/","logo":{"@type":"ImageObject","inLanguage":"fr-FR","@id":"https:\/\/www.lynkeus.berlin\/#\/schema\/logo\/image\/","url":"https:\/\/www.lynkeus.berlin\/wp-content\/uploads\/2021\/04\/Lynkeus_Logo-Entwurf-60_45-RGBreal-LOGOv2_300dpi.jpg","contentUrl":"https:\/\/www.lynkeus.berlin\/wp-content\/uploads\/2021\/04\/Lynkeus_Logo-Entwurf-60_45-RGBreal-LOGOv2_300dpi.jpg","width":1899,"height":627,"caption":"Lynkeus Berlin"},"image":{"@id":"https:\/\/www.lynkeus.berlin\/#\/schema\/logo\/image\/"}}]}},"_links":{"self":[{"href":"https:\/\/www.lynkeus.berlin\/fr\/wp-json\/wp\/v2\/pages\/13200","targetHints":{"allow":["GET"]}}],"collection":[{"href":"https:\/\/www.lynkeus.berlin\/fr\/wp-json\/wp\/v2\/pages"}],"about":[{"href":"https:\/\/www.lynkeus.berlin\/fr\/wp-json\/wp\/v2\/types\/page"}],"author":[{"embeddable":true,"href":"https:\/\/www.lynkeus.berlin\/fr\/wp-json\/wp\/v2\/users\/1"}],"replies":[{"embeddable":true,"href":"https:\/\/www.lynkeus.berlin\/fr\/wp-json\/wp\/v2\/comments?post=13200"}],"version-history":[{"count":0,"href":"https:\/\/www.lynkeus.berlin\/fr\/wp-json\/wp\/v2\/pages\/13200\/revisions"}],"wp:attachment":[{"href":"https:\/\/www.lynkeus.berlin\/fr\/wp-json\/wp\/v2\/media?parent=13200"}],"curies":[{"name":"wp","href":"https:\/\/api.w.org\/{rel}","templated":true}]}}