{"id":13400,"date":"2022-07-19T10:47:46","date_gmt":"2022-07-19T08:47:46","guid":{"rendered":"https:\/\/www.lynkeus.berlin\/?page_id=13400"},"modified":"2023-09-07T13:20:38","modified_gmt":"2023-09-07T11:20:38","slug":"gtc","status":"publish","type":"page","link":"https:\/\/www.lynkeus.berlin\/en\/gtc\/","title":{"rendered":"GTC"},"content":{"rendered":"<div class=\"wpb-content-wrapper\"><p>[vc_section el_name=&#8221;Contact&#8221;][vc_row delay=&#8221;true&#8221; effect=&#8221;fadeIn&#8221; el_name=&#8221;Row has animation&#8221;][vc_column background_position=&#8221;left top&#8221; hide_bg_mobile=&#8221;true&#8221; css=&#8221;.vc_custom_1616768231806{background-image: url(https:\/\/www.lynkeus.berlin\/wp-content\/uploads\/2021\/03\/ut-dots-dark.svg?id=9686) !important;background-position: 0 0 !important;background-repeat: no-repeat !important;}&#8221; el_class=&#8221;website-49-custom-box&#8221; offset=&#8221;vc_col-lg-offset-2 vc_col-lg-8 vc_col-md-offset-1 vc_col-md-10 vc_col-sm-offset-1 vc_col-sm-10&#8243;]<style type=\"text\/css\">#ut_custom_heading69e1cffd0d0fe { font-size:20px !important;line-height:26px !important; }#ut_custom_heading69e1cffd0d0fe { text-align:left; }@media (min-width: 768px) and (max-width: 1024px) { #ut_custom_heading69e1cffd0d0fe { text-align:left; } }@media (max-width: 767px) { #ut_custom_heading69e1cffd0d0fe { text-align:center; } }<\/style><h6 id=\"ut_custom_heading69e1cffd0d0fe\" data-responsive-font=\"h6\" data-responsive-font-settings=\"{&quot;base-font-size&quot;:&quot;20&quot;,&quot;font-size-unit&quot;:&quot;px&quot;,&quot;font-size&quot;:{&quot;desktop_large&quot;:&quot;20&quot;},&quot;base-line-height&quot;:&quot;global&quot;,&quot;line-height&quot;:{&quot;desktop_large&quot;:&quot;26&quot;},&quot;base-letter-spacing&quot;:&quot;global&quot;}\" class=\"ut-custom-heading-module  \" ><span class=\"\" ><\/span><\/h6><div class=\"wpb_content_element  vc_custom_1658302142944\"><style type=\"text\/css\">#ut_header_69e1cffd14afc h1.section-title { font-size:70px !important;line-height:100px !important;letter-spacing:-0.03em; }<\/style><header id=\"ut_header_69e1cffd14afc\" class=\"section-header  ut-no-title-linebreak-mobile ut-no-lead-linebreak-mobile pt-style-7 header-left header-tablet-left header-mobile-center element-with-custom-line-height\"><div class=\"element-with-custom-line-height\" ><h1 data-title=\"Allgemeine Gesch\u00e4ftsbedingungen&#13;&#10;\"  data-responsive-font=\"section_title\" data-responsive-font-settings=\"{&quot;base-font-size&quot;:&quot;70&quot;,&quot;font-size&quot;:{&quot;desktop_large&quot;:&quot;70&quot;},&quot;base-line-height&quot;:&quot;100&quot;,&quot;line-height-unit&quot;:&quot;px&quot;,&quot;line-height&quot;:{&quot;desktop_large&quot;:&quot;100&quot;},&quot;base-letter-spacing&quot;:&quot;global&quot;,&quot;letter-spacing&quot;:{&quot;desktop_large&quot;:&quot;-0.03&quot;}}\" class=\"section-title title-with-linebreak \"><span>Allgemeine Gesch\u00e4ftsbedingungen<br \/>\n<\/span><\/h1><\/div><\/header><\/div>[vc_column_text]<\/p>\n<h2><\/h2>\n<p>&nbsp;<\/p>\n<h2><strong>1. Gegenstand der Allgemeinen Gesch\u00e4ftsbedingungen (AGB)<\/strong><\/h2>\n<p>Die allgemeinen Gesch\u00e4ftsbedingungen (AGB) regeln das Vertragsverh\u00e4ltnis zwischen Lynkeus Berlin (im folgenden Lynkeus genannt) und den\/der Klient:in bei Nutzung, Zahlung und Durchf\u00fchrung angebotener und vereinbarter Dienstleistungen. Sie gelten f\u00fcr den gesamten Gesch\u00e4ftsverkehr mit dem\/der Klient:in und sind Bestandteil jedes mit Lynkeus geschlossenen Vertrages. Eine Abweichung von diesen Gesch\u00e4ftsbedingungen bedarf der schriftlichen Zustimmung beider Parteien.<\/p>\n<h2><strong>2. Vertragsabschluss<\/strong><\/h2>\n<p>Etwaige Pr\u00e4sentationen von Dienstleistungen auf den Internetseiten von Lynkeus oder in sozialen Medien stellen kein verbindliches Angebot dar, sondern eine Aufforderung gegen\u00fcber einem\/einer potentiellen Klient:in, Lynkeus ein Angebot zum Vertragsschluss zu unterbreiten. Ein Vertrag kommt durch die Auftragserteilung des\/der Klient:in sowie die entsprechende Annahme des Auftrages durch Lynkeus zustande. Die Auftragserteilung durch den\/die Klient:in und die Auftragsannahme durch Lynkeus kann durch das Absenden einer E-Mail, durch einen schriftlichen Auftrag oder m\u00fcndlich durch einen telefonischen Auftrag oder auch pers\u00f6nlich erfolgen. Jeder\/jede Klient:in erh\u00e4lt nach Eingang seiner Auftragserteilung eine schriftliche Best\u00e4tigung.<\/p>\n<h2><strong>3. Stornobedingungen<\/strong><\/h2>\n<p>Die Auftragserteilung ist verbindlich und kann nur nach Absprache mit Lynkeus gegen eventuelle Zahlung einer Stornogeb\u00fchr f\u00fcr gegenstandslos erkl\u00e4rt werden.<\/p>\n<p>a.<strong> Beratungsauftr\u00e4ge<\/strong><\/p>\n<p>Die Geb\u00fchr bei durch den\/die Klient:in stornierten Beratungsauftr\u00e4gen betr\u00e4gt:<\/p>\n<ul>\n<li>50% des vereinbarten Tagessatzes f\u00fcr jeden stornierten Tag bei Absagen weniger als 30 Tage vor dem vereinbarten Termin,<\/li>\n<li>75% des vereinbarten Tagessatzes f\u00fcr jeden stornierten Tag bei Absagen weniger als 14 Tage vor dem vereinbarten Termin und<\/li>\n<li>100% des vereinbarten Tagessatzes f\u00fcr jeden stornierten Tag bei Absagen weniger als 7 Tage vor dem vereinbarten Termin.<\/li>\n<\/ul>\n<p>b. <strong>Coachingauftr\u00e4ge <\/strong><\/p>\n<p>Die Geb\u00fchr bei durch den\/die Klient:in stornierten Coachingauftr\u00e4gen betr\u00e4gt:<\/p>\n<ul>\n<li>50% des vereinbarten Tagessatzes bei Absagen weniger als 7 Tage vor dem vereinbarten Termin bzw.<\/li>\n<li>100% bei Absagen weniger als 3 Tagen vor dem vereinbarten Termin.<\/li>\n<\/ul>\n<p>In Absprache mit Lynkeus besteht gegebenenfalls die M\u00f6glichkeit der kostenfreien Verschiebung des jeweiligen Coachingtermins.<\/p>\n<p>c. <strong>Trainings und Seminare <\/strong><\/p>\n<p>Die Geb\u00fchr bei durch den\/die Klient:in stornierten Trainings und Seminaren betr\u00e4gt:<\/p>\n<ul>\n<li>50% des vereinbarten Preises bei Absagen weniger als 30 Tage vor dem vereinbarten Termin,<\/li>\n<li>75% des vereinbarten Tagessatzes f\u00fcr jeden stornierten Tag bei Absagen weniger als 14 Tage vor dem vereinbarten Termin und<\/li>\n<li>100% des vereinbarten Tagessatzes f\u00fcr jeden stornierten Tag bei Absagen weniger als 7 Tage vor dem vereinbarten Termin.<\/li>\n<\/ul>\n<p>Ein Inhouse-Training bzw. Inhouse-Seminar gilt dann automatisch als storniert, wenn eine zwischen Lynkeus und Klient:in vereinbarte Mindestteilnehmendenzahl sp\u00e4testens 14 Tage vor Veranstaltungsbeginn nicht erreicht wurde.<\/p>\n<p>Bei offenen Trainings bzw. Seminaren beh\u00e4lt sich Lynkeus vor, die Veranstaltung sp\u00e4testens 30 Tage vor dem geplanten Termin zu verschieben oder zu stornieren, wenn die vorab definierte Mindestteilnehmerzahl nicht erreicht wurde. Der eventuell bereits gezahlte Schulungspreis wird zur\u00fcckerstattet oder es besteht die M\u00f6glichkeit der Umbuchung. Eventuell get\u00e4tigte Ausgaben der Teilnehmer:innen (z.B. f\u00fcr Reisekosten) werden nicht ersetzt.<\/p>\n<p>Lynkeus beh\u00e4lt sich das Recht vor, bei Ausfall von Trainer:innen\/ Berater:innen\/ Coach:innen in Absprache mit dem\/der Klient:in gleichwertigen Ersatz zu bestellen.<\/p>\n<h2><strong>4. Vertragsdauer und Zahlungsbedingungen<\/strong><\/h2>\n<p>Der zwischen Lynkeus und dem\/der Klient:in geschlossene Vertrag bestimmt die H\u00f6he der Verg\u00fctung f\u00fcr die durch Lynkeus erbrachten Dienstleistungen. S\u00e4mtliche Preise verstehen sich exklusive der gesetzlich g\u00fcltigen Mehrwertsteuer, es sei denn, etwas anderes wurde schriftlich vereinbart.<\/p>\n<p>Die Zahlung der erbrachten Leistungen bzw. der Stornogeb\u00fchren ist nach Rechnungsstellung sofort f\u00e4llig.<\/p>\n<h2><strong>5. Daten\u00fcbermittlung<\/strong><\/h2>\n<p>Sofern mit einem Training oder Seminar ein Zertifikat erworben wird bzw. erworben werden kann, das \u00fcber eine dritte Stelle ausgegeben wird (z.B. Scaled Agile Inc. oder OpenBadgeFactory) und Lynkeus hierbei dazu verpflichtet ist, die Daten der Teilnehmenden zu \u00fcbermitteln, willigt der\/die Klient:in ein, dass Lynkeus an diese dritte Stelle alle notwendigen Daten \u00fcbermittelt, die in diesem Kontext relevant sind (Vorname, Nachname, E-Mailadresse).<\/p>\n<h2><strong>6. Gew\u00e4hrleistung und Schadenersatz<\/strong><\/h2>\n<p>Die Gew\u00e4hrleistungsrechte und Schadenersatzanspr\u00fcche des\/der Klient:in richten sich nach den gesetzlichen Vorschriften, soweit nichts anderes vereinbart ist.<\/p>\n<p>&nbsp;<\/p>\n<p>F\u00fcr Fragen und\/oder Kommentare zu unseren allgemeinen Gesch\u00e4ftsbedingungen kontaktieren Sie uns bitte mittels der folgenden Kontaktdaten:<\/p>\n<p>Dr. Therese Th\u00fcrmer<br \/>\nLynkeus Berlin<br \/>\nKnesebeckstr. 55 55,<br \/>\n10719 Berlin<br \/>\nDeutschland<br \/>\nWebsite: <a style=\"font-style: inherit;\" href=\"https:\/\/www.lynkeus.berlin\/en\/\">https:\/\/www.lynkeus.berlin<\/a><br \/>\nE-Mail: <a style=\"font-style: inherit;\" href=\"mailto:thuermer@lynkeus.berlin\">thuermer@lynkeus.berlin<\/a><br \/>\nTelefonnummer: +49 (0)30 166 389 811<\/p>\n<p>&nbsp;<\/p>\n<p>Stand: 01. August 2022[\/vc_column_text][\/vc_column][\/vc_row][\/vc_section]<\/p>\n<\/div>","protected":false},"excerpt":{"rendered":"<p>[vc_section el_name=&#8221;Contact&#8221;][vc_row delay=&#8221;true&#8221; effect=&#8221;fadeIn&#8221; el_name=&#8221;Row has animation&#8221;][vc_column background_position=&#8221;left top&#8221; hide_bg_mobile=&#8221;true&#8221; css=&#8221;.vc_custom_1616768231806{background-image: url(https:\/\/www.lynkeus.berlin\/wp-content\/uploads\/2021\/03\/ut-dots-dark.svg?id=9686) !important;background-position: 0 0 !important;background-repeat: no-repeat !important;}&#8221; el_class=&#8221;website-49-custom-box&#8221; offset=&#8221;vc_col-lg-offset-2 vc_col-lg-8 vc_col-md-offset-1 vc_col-md-10 vc_col-sm-offset-1 vc_col-sm-10&#8243;][vc_column_text] &nbsp; 1. Gegenstand der Allgemeinen Gesch\u00e4ftsbedingungen (AGB) Die allgemeinen Gesch\u00e4ftsbedingungen (AGB) regeln das Vertragsverh\u00e4ltnis zwischen Lynkeus Berlin (im folgenden Lynkeus genannt) und den\/der Klient:in bei Nutzung, Zahlung und Durchf\u00fchrung angebotener [&hellip;]<\/p>\n","protected":false},"author":1,"featured_media":0,"parent":0,"menu_order":0,"comment_status":"closed","ping_status":"closed","template":"","meta":{"footnotes":""},"class_list":["post-13400","page","type-page","status-publish","hentry"],"yoast_head":"<!-- This site is optimized with the Yoast SEO plugin v27.4 - https:\/\/yoast.com\/product\/yoast-seo-wordpress\/ -->\n<title>GTC - Lynkeus Berlin<\/title>\n<meta name=\"description\" content=\"Stornobedingungen - allgemeine Gesch\u00e4ftsbedingungen\" \/>\n<meta name=\"robots\" content=\"index, follow, max-snippet:-1, max-image-preview:large, max-video-preview:-1\" \/>\n<link rel=\"canonical\" href=\"https:\/\/www.lynkeus.berlin\/en\/gtc\/\" \/>\n<meta property=\"og:locale\" content=\"en_US\" \/>\n<meta property=\"og:type\" content=\"article\" \/>\n<meta property=\"og:title\" content=\"GTC - Lynkeus Berlin\" \/>\n<meta property=\"og:description\" content=\"Stornobedingungen - allgemeine Gesch\u00e4ftsbedingungen\" \/>\n<meta property=\"og:url\" content=\"https:\/\/www.lynkeus.berlin\/en\/gtc\/\" \/>\n<meta property=\"og:site_name\" content=\"Lynkeus Berlin\" \/>\n<meta property=\"article:modified_time\" content=\"2023-09-07T11:20:38+00:00\" \/>\n<meta name=\"twitter:card\" content=\"summary_large_image\" \/>\n<meta name=\"twitter:label1\" content=\"Est. reading time\" \/>\n\t<meta name=\"twitter:data1\" content=\"4 minutes\" \/>\n<script type=\"application\/ld+json\" class=\"yoast-schema-graph\">{\"@context\":\"https:\\\/\\\/schema.org\",\"@graph\":[{\"@type\":\"WebPage\",\"@id\":\"https:\\\/\\\/www.lynkeus.berlin\\\/en\\\/gtc\\\/\",\"url\":\"https:\\\/\\\/www.lynkeus.berlin\\\/en\\\/gtc\\\/\",\"name\":\"GTC - Lynkeus Berlin\",\"isPartOf\":{\"@id\":\"https:\\\/\\\/www.lynkeus.berlin\\\/#website\"},\"datePublished\":\"2022-07-19T08:47:46+00:00\",\"dateModified\":\"2023-09-07T11:20:38+00:00\",\"description\":\"Stornobedingungen - allgemeine Gesch\u00e4ftsbedingungen\",\"breadcrumb\":{\"@id\":\"https:\\\/\\\/www.lynkeus.berlin\\\/en\\\/gtc\\\/#breadcrumb\"},\"inLanguage\":\"en-US\",\"potentialAction\":[{\"@type\":\"ReadAction\",\"target\":[\"https:\\\/\\\/www.lynkeus.berlin\\\/en\\\/gtc\\\/\"]}]},{\"@type\":\"BreadcrumbList\",\"@id\":\"https:\\\/\\\/www.lynkeus.berlin\\\/en\\\/gtc\\\/#breadcrumb\",\"itemListElement\":[{\"@type\":\"ListItem\",\"position\":1,\"name\":\"Startseite\",\"item\":\"https:\\\/\\\/www.lynkeus.berlin\\\/\"},{\"@type\":\"ListItem\",\"position\":2,\"name\":\"GTC\"}]},{\"@type\":\"WebSite\",\"@id\":\"https:\\\/\\\/www.lynkeus.berlin\\\/#website\",\"url\":\"https:\\\/\\\/www.lynkeus.berlin\\\/\",\"name\":\"Lynkeus Berlin\",\"description\":\"Organisationsentwicklung - Change Management - F\u00fchrungskr\u00e4fteentwicklung\",\"publisher\":{\"@id\":\"https:\\\/\\\/www.lynkeus.berlin\\\/#organization\"},\"potentialAction\":[{\"@type\":\"SearchAction\",\"target\":{\"@type\":\"EntryPoint\",\"urlTemplate\":\"https:\\\/\\\/www.lynkeus.berlin\\\/?s={search_term_string}\"},\"query-input\":{\"@type\":\"PropertyValueSpecification\",\"valueRequired\":true,\"valueName\":\"search_term_string\"}}],\"inLanguage\":\"en-US\"},{\"@type\":\"Organization\",\"@id\":\"https:\\\/\\\/www.lynkeus.berlin\\\/#organization\",\"name\":\"Lynkeus Berlin\",\"url\":\"https:\\\/\\\/www.lynkeus.berlin\\\/\",\"logo\":{\"@type\":\"ImageObject\",\"inLanguage\":\"en-US\",\"@id\":\"https:\\\/\\\/www.lynkeus.berlin\\\/#\\\/schema\\\/logo\\\/image\\\/\",\"url\":\"https:\\\/\\\/www.lynkeus.berlin\\\/wp-content\\\/uploads\\\/2021\\\/04\\\/Lynkeus_Logo-Entwurf-60_45-RGBreal-LOGOv2_300dpi.jpg\",\"contentUrl\":\"https:\\\/\\\/www.lynkeus.berlin\\\/wp-content\\\/uploads\\\/2021\\\/04\\\/Lynkeus_Logo-Entwurf-60_45-RGBreal-LOGOv2_300dpi.jpg\",\"width\":1899,\"height\":627,\"caption\":\"Lynkeus Berlin\"},\"image\":{\"@id\":\"https:\\\/\\\/www.lynkeus.berlin\\\/#\\\/schema\\\/logo\\\/image\\\/\"}}]}<\/script>\n<!-- \/ Yoast SEO plugin. -->","yoast_head_json":{"title":"GTC - Lynkeus Berlin","description":"Stornobedingungen - allgemeine Gesch\u00e4ftsbedingungen","robots":{"index":"index","follow":"follow","max-snippet":"max-snippet:-1","max-image-preview":"max-image-preview:large","max-video-preview":"max-video-preview:-1"},"canonical":"https:\/\/www.lynkeus.berlin\/en\/gtc\/","og_locale":"en_US","og_type":"article","og_title":"GTC - Lynkeus Berlin","og_description":"Stornobedingungen - allgemeine Gesch\u00e4ftsbedingungen","og_url":"https:\/\/www.lynkeus.berlin\/en\/gtc\/","og_site_name":"Lynkeus Berlin","article_modified_time":"2023-09-07T11:20:38+00:00","twitter_card":"summary_large_image","twitter_misc":{"Est. reading time":"4 minutes"},"schema":{"@context":"https:\/\/schema.org","@graph":[{"@type":"WebPage","@id":"https:\/\/www.lynkeus.berlin\/en\/gtc\/","url":"https:\/\/www.lynkeus.berlin\/en\/gtc\/","name":"GTC - Lynkeus Berlin","isPartOf":{"@id":"https:\/\/www.lynkeus.berlin\/#website"},"datePublished":"2022-07-19T08:47:46+00:00","dateModified":"2023-09-07T11:20:38+00:00","description":"Stornobedingungen - allgemeine Gesch\u00e4ftsbedingungen","breadcrumb":{"@id":"https:\/\/www.lynkeus.berlin\/en\/gtc\/#breadcrumb"},"inLanguage":"en-US","potentialAction":[{"@type":"ReadAction","target":["https:\/\/www.lynkeus.berlin\/en\/gtc\/"]}]},{"@type":"BreadcrumbList","@id":"https:\/\/www.lynkeus.berlin\/en\/gtc\/#breadcrumb","itemListElement":[{"@type":"ListItem","position":1,"name":"Startseite","item":"https:\/\/www.lynkeus.berlin\/"},{"@type":"ListItem","position":2,"name":"GTC"}]},{"@type":"WebSite","@id":"https:\/\/www.lynkeus.berlin\/#website","url":"https:\/\/www.lynkeus.berlin\/","name":"Lynkeus Berlin","description":"Organisationsentwicklung - Change Management - F\u00fchrungskr\u00e4fteentwicklung","publisher":{"@id":"https:\/\/www.lynkeus.berlin\/#organization"},"potentialAction":[{"@type":"SearchAction","target":{"@type":"EntryPoint","urlTemplate":"https:\/\/www.lynkeus.berlin\/?s={search_term_string}"},"query-input":{"@type":"PropertyValueSpecification","valueRequired":true,"valueName":"search_term_string"}}],"inLanguage":"en-US"},{"@type":"Organization","@id":"https:\/\/www.lynkeus.berlin\/#organization","name":"Lynkeus Berlin","url":"https:\/\/www.lynkeus.berlin\/","logo":{"@type":"ImageObject","inLanguage":"en-US","@id":"https:\/\/www.lynkeus.berlin\/#\/schema\/logo\/image\/","url":"https:\/\/www.lynkeus.berlin\/wp-content\/uploads\/2021\/04\/Lynkeus_Logo-Entwurf-60_45-RGBreal-LOGOv2_300dpi.jpg","contentUrl":"https:\/\/www.lynkeus.berlin\/wp-content\/uploads\/2021\/04\/Lynkeus_Logo-Entwurf-60_45-RGBreal-LOGOv2_300dpi.jpg","width":1899,"height":627,"caption":"Lynkeus Berlin"},"image":{"@id":"https:\/\/www.lynkeus.berlin\/#\/schema\/logo\/image\/"}}]}},"_links":{"self":[{"href":"https:\/\/www.lynkeus.berlin\/en\/wp-json\/wp\/v2\/pages\/13400","targetHints":{"allow":["GET"]}}],"collection":[{"href":"https:\/\/www.lynkeus.berlin\/en\/wp-json\/wp\/v2\/pages"}],"about":[{"href":"https:\/\/www.lynkeus.berlin\/en\/wp-json\/wp\/v2\/types\/page"}],"author":[{"embeddable":true,"href":"https:\/\/www.lynkeus.berlin\/en\/wp-json\/wp\/v2\/users\/1"}],"replies":[{"embeddable":true,"href":"https:\/\/www.lynkeus.berlin\/en\/wp-json\/wp\/v2\/comments?post=13400"}],"version-history":[{"count":0,"href":"https:\/\/www.lynkeus.berlin\/en\/wp-json\/wp\/v2\/pages\/13400\/revisions"}],"wp:attachment":[{"href":"https:\/\/www.lynkeus.berlin\/en\/wp-json\/wp\/v2\/media?parent=13400"}],"curies":[{"name":"wp","href":"https:\/\/api.w.org\/{rel}","templated":true}]}}